{"id":137,"date":"2020-05-22T11:09:21","date_gmt":"2020-05-22T11:09:21","guid":{"rendered":"https:\/\/www.takumi-atelier.com\/?page_id=137"},"modified":"2021-05-27T15:08:36","modified_gmt":"2021-05-27T15:08:36","slug":"contact","status":"publish","type":"page","link":"https:\/\/www.takumi-atelier.com\/en\/contact\/","title":{"rendered":"CONTACT"},"content":{"rendered":"<p><div class=\"fusion-fullwidth fullwidth-box fusion-builder-row-1 nonhundred-percent-fullwidth non-hundred-percent-height-scrolling\" style=\"--awb-border-radius-top-left:0px;--awb-border-radius-top-right:0px;--awb-border-radius-bottom-right:0px;--awb-border-radius-bottom-left:0px;--awb-padding-right:20%;--awb-flex-wrap:wrap;\" ><div class=\"fusion-builder-row fusion-row\"><div class=\"fusion-layout-column fusion_builder_column fusion-builder-column-0 fusion_builder_column_1_1 1_1 fusion-one-full fusion-column-first fusion-column-last\" style=\"--awb-padding-right:40px;--awb-bg-size:cover;\"><div class=\"fusion-column-wrapper fusion-column-has-shadow fusion-flex-column-wrapper-legacy\"><div class=\"fusion-sep-clear\"><\/div><div class=\"fusion-separator fusion-full-width-sep\" style=\"margin-left: auto;margin-right: auto;margin-bottom:50px;width:100%;\"><\/div><div class=\"fusion-sep-clear\"><\/div><div class=\"fusion-clearfix\"><\/div><\/div><\/div><\/div><\/div><div class=\"fusion-fullwidth fullwidth-box fusion-builder-row-2 nonhundred-percent-fullwidth non-hundred-percent-height-scrolling\" style=\"--awb-border-radius-top-left:0px;--awb-border-radius-top-right:0px;--awb-border-radius-bottom-right:0px;--awb-border-radius-bottom-left:0px;--awb-padding-right:80px;--awb-padding-left:80px;--awb-flex-wrap:wrap;\" ><div class=\"fusion-builder-row fusion-row\"><div class=\"fusion-layout-column fusion_builder_column fusion-builder-column-1 fusion_builder_column_1_2 1_2 fusion-one-half fusion-column-first contact\" style=\"--awb-bg-size:cover;width:50%;width:calc(50% - ( ( 4% ) * 0.5 ) );margin-right: 4%;\"><div class=\"fusion-column-wrapper fusion-column-has-shadow fusion-flex-column-wrapper-legacy\"><div class=\"fusion-text fusion-text-1\"><h1 class=\"fusion-responsive-typography-calculated\" style=\"--fontsize: 80; line-height: 1.15;\" data-fontsize=\"80\" data-lineheight=\"92px\">Contact<\/h1>\n<\/div><div class=\"fusion-sep-clear\"><\/div><div class=\"fusion-separator fusion-full-width-sep\" style=\"margin-left: auto;margin-right: auto;margin-bottom:40px;width:100%;\"><\/div><div class=\"fusion-sep-clear\"><\/div><div class=\"fusion-text fusion-text-2 EMAIL\"><p><strong>Email: <a href=\"mailto:hello@takumi-atelier.com\">hello@takumi-atelier.com<\/a><\/strong><\/p>\n<p><strong style=\"font-style: var(--body_typography-font-style,normal); letter-spacing: var(--body_typography-letter-spacing);\">Follow us on <a href=\"https:\/\/www.linkedin.com\/company\/takumi-atelier\"><span style=\"text-decoration: underline;\">Linkedin<\/span><\/a><\/strong><\/p>\n<\/div><div class=\"fusion-text fusion-text-3 ECRIRE\"><p><strong>Let's connect !<\/strong><\/p>\n<\/div>\n<div class=\"wpcf7 no-js\" id=\"wpcf7-f17-o1\" lang=\"fr-FR\" dir=\"ltr\" data-wpcf7-id=\"17\">\n<div class=\"screen-reader-response\"><p role=\"status\" aria-live=\"polite\" aria-atomic=\"true\"><\/p> <ul><\/ul><\/div>\n<form action=\"\/en\/wp-json\/wp\/v2\/pages\/137#wpcf7-f17-o1\" method=\"post\" class=\"wpcf7-form init\" aria-label=\"Formulaire de contact\" novalidate=\"novalidate\" data-status=\"init\" data-trp-original-action=\"\/en\/wp-json\/wp\/v2\/pages\/137#wpcf7-f17-o1\">\n<fieldset class=\"hidden-fields-container\"><input type=\"hidden\" name=\"_wpcf7\" value=\"17\" \/><input type=\"hidden\" name=\"_wpcf7_version\" value=\"6.1.5\" \/><input type=\"hidden\" name=\"_wpcf7_locale\" value=\"fr_FR\" \/><input type=\"hidden\" name=\"_wpcf7_unit_tag\" value=\"wpcf7-f17-o1\" \/><input type=\"hidden\" name=\"_wpcf7_container_post\" value=\"0\" \/><input type=\"hidden\" name=\"_wpcf7_posted_data_hash\" value=\"\" \/>\n<\/fieldset>\n<p><label> Name*<br \/>\n<span class=\"wpcf7-form-control-wrap\" data-name=\"Your-name\"><input size=\"40\" maxlength=\"400\" class=\"wpcf7-form-control wpcf7-text wpcf7-validates-as-required\" aria-required=\"true\" aria-invalid=\"false\" value=\"\" type=\"text\" name=\"Your-name\" \/><\/span> <\/label>\n<\/p>\n<p><label> Address*<br \/>\n<span class=\"wpcf7-form-control-wrap\" data-name=\"your-email\"><input size=\"40\" maxlength=\"400\" class=\"wpcf7-form-control wpcf7-email wpcf7-validates-as-required wpcf7-text wpcf7-validates-as-email\" aria-required=\"true\" aria-invalid=\"false\" value=\"\" type=\"email\" name=\"your-email\" \/><\/span> <\/label>\n<\/p>\n<p><label> Object*<br \/>\n<span class=\"wpcf7-form-control-wrap\" data-name=\"your-subject\"><input size=\"40\" maxlength=\"400\" class=\"wpcf7-form-control wpcf7-text\" aria-invalid=\"false\" value=\"\" type=\"text\" name=\"your-subject\" \/><\/span> <\/label>\n<\/p>\n<p><label> Message*<br \/>\n<span class=\"wpcf7-form-control-wrap\" data-name=\"your-message\"><textarea cols=\"40\" rows=\"10\" maxlength=\"2000\" class=\"wpcf7-form-control wpcf7-textarea\" aria-invalid=\"false\" name=\"your-message\"><\/textarea><\/span> <\/label>\n<\/p>\n<p><input class=\"wpcf7-form-control wpcf7-submit has-spinner\" type=\"submit\" value=\"SEND\" \/>\n<\/p><div class=\"fusion-alert alert custom alert-custom fusion-alert-center wpcf7-response-output awb-alert-native-link-color alert-dismissable awb-alert-close-boxed\" style=\"--awb-border-size:1px;--awb-border-top-left-radius:0px;--awb-border-top-right-radius:0px;--awb-border-bottom-left-radius:0px;--awb-border-bottom-right-radius:0px;\" role=\"alert\"><div class=\"fusion-alert-content-wrapper\"><span class=\"fusion-alert-content\"><\/span><\/div><button type=\"button\" class=\"close toggle-alert\" data-dismiss=\"alert\" aria-label=\"Close\">&times;<\/button><\/div>\n<input type=\"hidden\" name=\"trp-form-language\" value=\"en\"\/><\/form>\n<\/div>\n<div class=\"fusion-clearfix\"><\/div><\/div><\/div><div class=\"fusion-layout-column fusion_builder_column fusion-builder-column-2 fusion_builder_column_1_2 1_2 fusion-one-half fusion-column-last\" style=\"--awb-bg-size:cover;width:50%;width:calc(50% - ( ( 4% ) * 0.5 ) );\"><div class=\"fusion-column-wrapper fusion-column-has-shadow fusion-flex-column-wrapper-legacy\"><div class=\"fusion-image-element in-legacy-container\" style=\"--awb-caption-title-font-family:var(--h2_typography-font-family);--awb-caption-title-font-weight:var(--h2_typography-font-weight);--awb-caption-title-font-style:var(--h2_typography-font-style);--awb-caption-title-size:var(--h2_typography-font-size);--awb-caption-title-transform:var(--h2_typography-text-transform);--awb-caption-title-line-height:var(--h2_typography-line-height);--awb-caption-title-letter-spacing:var(--h2_typography-letter-spacing);\"><span class=\"fusion-imageframe imageframe-none imageframe-1 hover-type-none\"><img decoding=\"async\" width=\"1000\" height=\"1500\" alt=\"Collectif-Takumi-Agence-Marketing-Conseil-Strat\u00e9gie-Luxe-Parfum-Beaute-Cosm\u00e9tique-Art-de-Vivre\" src=\"https:\/\/www.takumi-atelier.com\/wp-content\/uploads\/2020\/06\/Collectif-Takumi-Atelier-Consulting-marketing-luxe-beaute-parfum-art-de-vivre-contact.jpg\" class=\"img-responsive wp-image-1479\" srcset=\"https:\/\/www.takumi-atelier.com\/wp-content\/uploads\/2020\/06\/Collectif-Takumi-Atelier-Consulting-marketing-luxe-beaute-parfum-art-de-vivre-contact-200x300.jpg 200w, https:\/\/www.takumi-atelier.com\/wp-content\/uploads\/2020\/06\/Collectif-Takumi-Atelier-Consulting-marketing-luxe-beaute-parfum-art-de-vivre-contact-400x600.jpg 400w, https:\/\/www.takumi-atelier.com\/wp-content\/uploads\/2020\/06\/Collectif-Takumi-Atelier-Consulting-marketing-luxe-beaute-parfum-art-de-vivre-contact-600x900.jpg 600w, https:\/\/www.takumi-atelier.com\/wp-content\/uploads\/2020\/06\/Collectif-Takumi-Atelier-Consulting-marketing-luxe-beaute-parfum-art-de-vivre-contact-800x1200.jpg 800w, https:\/\/www.takumi-atelier.com\/wp-content\/uploads\/2020\/06\/Collectif-Takumi-Atelier-Consulting-marketing-luxe-beaute-parfum-art-de-vivre-contact.jpg 1000w\" sizes=\"(max-width: 800px) 100vw, 600px\" \/><\/span><\/div><div class=\"fusion-clearfix\"><\/div><\/div><\/div><\/div><\/div><\/p>","protected":false},"excerpt":{"rendered":"","protected":false},"author":1,"featured_media":0,"parent":0,"menu_order":6,"comment_status":"closed","ping_status":"closed","template":"100-width.php","meta":{"footnotes":""},"class_list":["post-137","page","type-page","status-publish","hentry"],"yoast_head":"<!-- This site is optimized with the Yoast SEO plugin v27.5 - https:\/\/yoast.com\/product\/yoast-seo-wordpress\/ -->\n<title>Takumi I Agence Conseil Marketing I Parfum I Beaut\u00e9 I Art de Vivre<\/title>\n<meta name=\"description\" content=\"Takumi I Agence Conseil Marketing sp\u00e9cialis\u00e9e en Strat\u00e9gie, Plateforme de marque, Id\u00e9ation Produit. PARFUM I BEAUTE I ART DE VIVRE\" \/>\n<meta name=\"robots\" content=\"index, follow, max-snippet:-1, max-image-preview:large, max-video-preview:-1\" \/>\n<link rel=\"canonical\" href=\"https:\/\/www.takumi-atelier.com\/en\/contact\/\" \/>\n<meta property=\"og:locale\" content=\"en_GB\" \/>\n<meta property=\"og:type\" content=\"article\" \/>\n<meta property=\"og:title\" content=\"Takumi Atelier I Consulting Marketing I Parfum I Beaut\u00e9 I Art de Vivre\" \/>\n<meta property=\"og:description\" content=\"Nous vous accompagnons pour d\u00e9velopper le plein potentiel de vos marques. En strat\u00e9gie marketing. Plateforme de marque. Id\u00e9ation Produit.\" \/>\n<meta property=\"og:url\" content=\"https:\/\/www.takumi-atelier.com\/en\/contact\/\" \/>\n<meta property=\"og:site_name\" content=\"TAKUMI\" \/>\n<meta property=\"article:modified_time\" content=\"2021-05-27T15:08:36+00:00\" \/>\n<meta property=\"og:image\" content=\"https:\/\/www.takumi-atelier.com\/wp-content\/uploads\/2020\/06\/Takumi-Atelier-Consulting-Marketing-Parfum-Beaute-Luxe-Art-de-Vivre-.jpg\" \/>\n\t<meta property=\"og:image:width\" content=\"1600\" \/>\n\t<meta property=\"og:image:height\" content=\"836\" \/>\n\t<meta property=\"og:image:type\" content=\"image\/jpeg\" \/>\n<meta name=\"twitter:card\" content=\"summary_large_image\" \/>\n<meta name=\"twitter:title\" content=\"Takumi Atelier I Consulting Marketing I Parfum I Beaut\u00e9 I Art de Vivre\" \/>\n<meta name=\"twitter:description\" content=\"Nous vous accompagnons pour d\u00e9velopper le plein potentiel de vos marques. En strat\u00e9gie marketing. Plateforme de marque. Id\u00e9ation Produit.\" \/>\n<meta name=\"twitter:image\" content=\"https:\/\/www.takumi-atelier.com\/wp-content\/uploads\/2020\/06\/Takumi-Atelier-Consulting-Marketing-Parfum-Beaute-Luxe-Art-de-Vivre-Twitter.jpg\" \/>\n<meta name=\"twitter:label1\" content=\"Estimated reading time\" \/>\n\t<meta name=\"twitter:data1\" content=\"6 minutes\" \/>\n<script type=\"application\/ld+json\" class=\"yoast-schema-graph\">{\"@context\":\"https:\\\/\\\/schema.org\",\"@graph\":[{\"@type\":[\"WebPage\",\"ContactPage\"],\"@id\":\"https:\\\/\\\/www.takumi-atelier.com\\\/contact\\\/\",\"url\":\"https:\\\/\\\/www.takumi-atelier.com\\\/contact\\\/\",\"name\":\"Takumi I Agence Conseil Marketing I Parfum I Beaut\u00e9 I Art de Vivre\",\"isPartOf\":{\"@id\":\"https:\\\/\\\/www.takumi-atelier.com\\\/#website\"},\"datePublished\":\"2020-05-22T11:09:21+00:00\",\"dateModified\":\"2021-05-27T15:08:36+00:00\",\"description\":\"Takumi I Agence Conseil Marketing sp\u00e9cialis\u00e9e en Strat\u00e9gie, Plateforme de marque, Id\u00e9ation Produit. PARFUM I BEAUTE I ART DE VIVRE\",\"breadcrumb\":{\"@id\":\"https:\\\/\\\/www.takumi-atelier.com\\\/contact\\\/#breadcrumb\"},\"inLanguage\":\"en-GB\",\"potentialAction\":[{\"@type\":\"ReadAction\",\"target\":[\"https:\\\/\\\/www.takumi-atelier.com\\\/contact\\\/\"]}]},{\"@type\":\"BreadcrumbList\",\"@id\":\"https:\\\/\\\/www.takumi-atelier.com\\\/contact\\\/#breadcrumb\",\"itemListElement\":[{\"@type\":\"ListItem\",\"position\":1,\"name\":\"Accueil\",\"item\":\"https:\\\/\\\/www.takumi-atelier.com\\\/\"},{\"@type\":\"ListItem\",\"position\":2,\"name\":\"CONTACT\"}]},{\"@type\":\"WebSite\",\"@id\":\"https:\\\/\\\/www.takumi-atelier.com\\\/#website\",\"url\":\"https:\\\/\\\/www.takumi-atelier.com\\\/\",\"name\":\"TAKUMI ATELIER\",\"description\":\"AGENCE CONSEIL MARKETING ET DEVELOPEMENT I  PARFUM, BEAUTE, ART DE VIVRE I\",\"publisher\":{\"@id\":\"https:\\\/\\\/www.takumi-atelier.com\\\/#organization\"},\"potentialAction\":[{\"@type\":\"SearchAction\",\"target\":{\"@type\":\"EntryPoint\",\"urlTemplate\":\"https:\\\/\\\/www.takumi-atelier.com\\\/?s={search_term_string}\"},\"query-input\":{\"@type\":\"PropertyValueSpecification\",\"valueRequired\":true,\"valueName\":\"search_term_string\"}}],\"inLanguage\":\"en-GB\"},{\"@type\":\"Organization\",\"@id\":\"https:\\\/\\\/www.takumi-atelier.com\\\/#organization\",\"name\":\"Takumi Atelier Consulting Marketing\",\"url\":\"https:\\\/\\\/www.takumi-atelier.com\\\/\",\"logo\":{\"@type\":\"ImageObject\",\"inLanguage\":\"en-GB\",\"@id\":\"https:\\\/\\\/www.takumi-atelier.com\\\/#\\\/schema\\\/logo\\\/image\\\/\",\"url\":\"https:\\\/\\\/www.takumi-atelier.com\\\/wp-content\\\/uploads\\\/2020\\\/05\\\/LOGO-80-x-359-Px-TAKUMI-ATELIER-CONSULTING-MARKETING-PARFUM-COSMETIQUE-LUXE.png\",\"contentUrl\":\"https:\\\/\\\/www.takumi-atelier.com\\\/wp-content\\\/uploads\\\/2020\\\/05\\\/LOGO-80-x-359-Px-TAKUMI-ATELIER-CONSULTING-MARKETING-PARFUM-COSMETIQUE-LUXE.png\",\"width\":359,\"height\":80,\"caption\":\"Takumi Atelier Consulting Marketing\"},\"image\":{\"@id\":\"https:\\\/\\\/www.takumi-atelier.com\\\/#\\\/schema\\\/logo\\\/image\\\/\"},\"sameAs\":[\"https:\\\/\\\/www.linkedin.com\\\/company\\\/takumi-atelier\"]}]}<\/script>\n<!-- \/ Yoast SEO plugin. -->","yoast_head_json":{"title":"Takumi I Agence Conseil Marketing I Parfum I Beaut\u00e9 I Art de Vivre","description":"Takumi I Agence Conseil Marketing sp\u00e9cialis\u00e9e en Strat\u00e9gie, Plateforme de marque, Id\u00e9ation Produit. PARFUM I BEAUTE I ART DE VIVRE","robots":{"index":"index","follow":"follow","max-snippet":"max-snippet:-1","max-image-preview":"max-image-preview:large","max-video-preview":"max-video-preview:-1"},"canonical":"https:\/\/www.takumi-atelier.com\/en\/contact\/","og_locale":"en_GB","og_type":"article","og_title":"Takumi Atelier I Consulting Marketing I Parfum I Beaut\u00e9 I Art de Vivre","og_description":"Nous vous accompagnons pour d\u00e9velopper le plein potentiel de vos marques. En strat\u00e9gie marketing. Plateforme de marque. Id\u00e9ation Produit.","og_url":"https:\/\/www.takumi-atelier.com\/en\/contact\/","og_site_name":"TAKUMI","article_modified_time":"2021-05-27T15:08:36+00:00","og_image":[{"width":1600,"height":836,"url":"https:\/\/www.takumi-atelier.com\/wp-content\/uploads\/2020\/06\/Takumi-Atelier-Consulting-Marketing-Parfum-Beaute-Luxe-Art-de-Vivre-.jpg","type":"image\/jpeg"}],"twitter_card":"summary_large_image","twitter_title":"Takumi Atelier I Consulting Marketing I Parfum I Beaut\u00e9 I Art de Vivre","twitter_description":"Nous vous accompagnons pour d\u00e9velopper le plein potentiel de vos marques. En strat\u00e9gie marketing. Plateforme de marque. Id\u00e9ation Produit.","twitter_image":"https:\/\/www.takumi-atelier.com\/wp-content\/uploads\/2020\/06\/Takumi-Atelier-Consulting-Marketing-Parfum-Beaute-Luxe-Art-de-Vivre-Twitter.jpg","twitter_misc":{"Estimated reading time":"6 minutes"},"schema":{"@context":"https:\/\/schema.org","@graph":[{"@type":["WebPage","ContactPage"],"@id":"https:\/\/www.takumi-atelier.com\/contact\/","url":"https:\/\/www.takumi-atelier.com\/contact\/","name":"Takumi I Agence Conseil Marketing I Parfum I Beaut\u00e9 I Art de Vivre","isPartOf":{"@id":"https:\/\/www.takumi-atelier.com\/#website"},"datePublished":"2020-05-22T11:09:21+00:00","dateModified":"2021-05-27T15:08:36+00:00","description":"Takumi I Agence Conseil Marketing sp\u00e9cialis\u00e9e en Strat\u00e9gie, Plateforme de marque, Id\u00e9ation Produit. PARFUM I BEAUTE I ART DE VIVRE","breadcrumb":{"@id":"https:\/\/www.takumi-atelier.com\/contact\/#breadcrumb"},"inLanguage":"en-GB","potentialAction":[{"@type":"ReadAction","target":["https:\/\/www.takumi-atelier.com\/contact\/"]}]},{"@type":"BreadcrumbList","@id":"https:\/\/www.takumi-atelier.com\/contact\/#breadcrumb","itemListElement":[{"@type":"ListItem","position":1,"name":"Accueil","item":"https:\/\/www.takumi-atelier.com\/"},{"@type":"ListItem","position":2,"name":"CONTACT"}]},{"@type":"WebSite","@id":"https:\/\/www.takumi-atelier.com\/#website","url":"https:\/\/www.takumi-atelier.com\/","name":"TAKUMI ATELIER","description":"AGENCE CONSEIL MARKETING ET DEVELOPEMENT I  PARFUM, BEAUTE, ART DE VIVRE I","publisher":{"@id":"https:\/\/www.takumi-atelier.com\/#organization"},"potentialAction":[{"@type":"SearchAction","target":{"@type":"EntryPoint","urlTemplate":"https:\/\/www.takumi-atelier.com\/?s={search_term_string}"},"query-input":{"@type":"PropertyValueSpecification","valueRequired":true,"valueName":"search_term_string"}}],"inLanguage":"en-GB"},{"@type":"Organization","@id":"https:\/\/www.takumi-atelier.com\/#organization","name":"Takumi Atelier Consulting Marketing","url":"https:\/\/www.takumi-atelier.com\/","logo":{"@type":"ImageObject","inLanguage":"en-GB","@id":"https:\/\/www.takumi-atelier.com\/#\/schema\/logo\/image\/","url":"https:\/\/www.takumi-atelier.com\/wp-content\/uploads\/2020\/05\/LOGO-80-x-359-Px-TAKUMI-ATELIER-CONSULTING-MARKETING-PARFUM-COSMETIQUE-LUXE.png","contentUrl":"https:\/\/www.takumi-atelier.com\/wp-content\/uploads\/2020\/05\/LOGO-80-x-359-Px-TAKUMI-ATELIER-CONSULTING-MARKETING-PARFUM-COSMETIQUE-LUXE.png","width":359,"height":80,"caption":"Takumi Atelier Consulting Marketing"},"image":{"@id":"https:\/\/www.takumi-atelier.com\/#\/schema\/logo\/image\/"},"sameAs":["https:\/\/www.linkedin.com\/company\/takumi-atelier"]}]}},"_links":{"self":[{"href":"https:\/\/www.takumi-atelier.com\/en\/wp-json\/wp\/v2\/pages\/137","targetHints":{"allow":["GET"]}}],"collection":[{"href":"https:\/\/www.takumi-atelier.com\/en\/wp-json\/wp\/v2\/pages"}],"about":[{"href":"https:\/\/www.takumi-atelier.com\/en\/wp-json\/wp\/v2\/types\/page"}],"author":[{"embeddable":true,"href":"https:\/\/www.takumi-atelier.com\/en\/wp-json\/wp\/v2\/users\/1"}],"replies":[{"embeddable":true,"href":"https:\/\/www.takumi-atelier.com\/en\/wp-json\/wp\/v2\/comments?post=137"}],"version-history":[{"count":87,"href":"https:\/\/www.takumi-atelier.com\/en\/wp-json\/wp\/v2\/pages\/137\/revisions"}],"predecessor-version":[{"id":2123,"href":"https:\/\/www.takumi-atelier.com\/en\/wp-json\/wp\/v2\/pages\/137\/revisions\/2123"}],"wp:attachment":[{"href":"https:\/\/www.takumi-atelier.com\/en\/wp-json\/wp\/v2\/media?parent=137"}],"curies":[{"name":"wp","href":"https:\/\/api.w.org\/{rel}","templated":true}]}}